{"id":82,"date":"2019-10-22T11:11:22","date_gmt":"2019-10-22T11:11:22","guid":{"rendered":"http:\/\/www.wyss-weihnachtsbaum.ch\/de\/?page_id=82"},"modified":"2023-03-27T08:33:58","modified_gmt":"2023-03-27T08:33:58","slug":"weihnachtsbaeume","status":"publish","type":"page","link":"https:\/\/www.wyss-weihnachtsbaum.ch\/de\/angebot\/weihnachtsbaeume\/","title":{"rendered":"Weihnachtsb\u00e4ume"},"content":{"rendered":"\n<h2 class=\"wp-block-heading\" id=\"weihnachtsbaume\">Weihnachtsb\u00e4ume<\/h2>\n\n\n\n<p>Neben\nden Klassikern Nordmannstanne und Rottanne bieten wir auch Blau-, Colorado-, Kork- und Weisstannen an. Ab September\nk\u00f6nnen Sie bei einem Spaziergang in unserer Plantage in H\u00e4rkingen Ihren\nFavoriten aussuchen. Gerne erteilen wir vor Ort Auskunft.<\/p>\n\n\n\n<p>Sie\ngeh\u00f6ren zu den Kurzentschlossenen?<\/p>\n\n\n\n<p>Prima! Selbst kurz vor Weihnachten k\u00f6nnen wir Ihnen noch reichlich B\u00e4ume zur\nAuswahl anbieten. Unser oberstes Ziel: Sie und Ihre Liebsten sollen am Fest der\nLiebe den passenden Weihnachtsbaum in der guten Stube haben. <\/p>\n\n\n\n<div class=\"wp-block-columns has-4-columns foobox is-layout-flex wp-container-core-columns-is-layout-9d6595d7 wp-block-columns-is-layout-flex\">\n<div class=\"wp-block-column is-layout-flow wp-block-column-is-layout-flow\">\n<figure class=\"wp-block-image size-large is-resized\"><a href=\"https:\/\/www.wyss-weihnachtsbaum.ch\/de\/wp-content\/uploads\/2020-11-20-09.20.57-HDR.jpg\"><img loading=\"lazy\" decoding=\"async\" src=\"https:\/\/www.wyss-weihnachtsbaum.ch\/de\/wp-content\/uploads\/2020-11-20-09.20.57-HDR-788x1050.jpg\" alt=\"\" class=\"wp-image-259\" width=\"301\" height=\"450\"\/><\/a><figcaption><strong>Nordmannstanne<br><\/strong>Angenehm duftend, lange haltbar, sticht nicht <\/figcaption><\/figure>\n<\/div>\n\n\n\n<div class=\"wp-block-column is-layout-flow wp-block-column-is-layout-flow\">\n<figure class=\"wp-block-image\"><a href=\"https:\/\/www.wyss-weihnachtsbaum.ch\/de\/wp-content\/uploads\/Rottanne.jpg\"><img loading=\"lazy\" decoding=\"async\" width=\"301\" height=\"450\" src=\"https:\/\/www.wyss-weihnachtsbaum.ch\/de\/wp-content\/uploads\/Rottanne-301x450.jpg\" alt=\"Rottanne\" class=\"wp-image-174\" srcset=\"https:\/\/www.wyss-weihnachtsbaum.ch\/de\/wp-content\/uploads\/Rottanne-301x450.jpg 301w, https:\/\/www.wyss-weihnachtsbaum.ch\/de\/wp-content\/uploads\/Rottanne-768x1147.jpg 768w, https:\/\/www.wyss-weihnachtsbaum.ch\/de\/wp-content\/uploads\/Rottanne-703x1050.jpg 703w, https:\/\/www.wyss-weihnachtsbaum.ch\/de\/wp-content\/uploads\/Rottanne-100x150.jpg 100w, https:\/\/www.wyss-weihnachtsbaum.ch\/de\/wp-content\/uploads\/Rottanne.jpg 937w\" sizes=\"auto, (max-width: 301px) 100vw, 301px\" \/><\/a><figcaption><strong>Rottanne<br><\/strong>Traditionell, g\u00fcnstig<\/figcaption><\/figure>\n<\/div>\n\n\n\n<div class=\"wp-block-column is-layout-flow wp-block-column-is-layout-flow\">\n<figure class=\"wp-block-image\"><a href=\"https:\/\/www.wyss-weihnachtsbaum.ch\/de\/wp-content\/uploads\/Blautanne-2.jpg\"><img loading=\"lazy\" decoding=\"async\" width=\"301\" height=\"450\" src=\"https:\/\/www.wyss-weihnachtsbaum.ch\/de\/wp-content\/uploads\/Blautanne-2-301x450.jpg\" alt=\"Blautanne\" class=\"wp-image-175\" srcset=\"https:\/\/www.wyss-weihnachtsbaum.ch\/de\/wp-content\/uploads\/Blautanne-2-301x450.jpg 301w, https:\/\/www.wyss-weihnachtsbaum.ch\/de\/wp-content\/uploads\/Blautanne-2-768x1147.jpg 768w, https:\/\/www.wyss-weihnachtsbaum.ch\/de\/wp-content\/uploads\/Blautanne-2-703x1050.jpg 703w, https:\/\/www.wyss-weihnachtsbaum.ch\/de\/wp-content\/uploads\/Blautanne-2-100x150.jpg 100w, https:\/\/www.wyss-weihnachtsbaum.ch\/de\/wp-content\/uploads\/Blautanne-2.jpg 937w\" sizes=\"auto, (max-width: 301px) 100vw, 301px\" \/><\/a><figcaption><strong>Blautanne<br><\/strong>Intensiv duftend, blauer Farbton<\/figcaption><\/figure>\n<\/div>\n\n\n\n<div class=\"wp-block-column is-layout-flow wp-block-column-is-layout-flow\">\n<figure class=\"wp-block-image\"><a href=\"https:\/\/www.wyss-weihnachtsbaum.ch\/de\/wp-content\/uploads\/Coloradotanne.jpg\"><img loading=\"lazy\" decoding=\"async\" width=\"301\" height=\"450\" src=\"https:\/\/www.wyss-weihnachtsbaum.ch\/de\/wp-content\/uploads\/Coloradotanne-301x450.jpg\" alt=\"Coloradotanne\" class=\"wp-image-176\" srcset=\"https:\/\/www.wyss-weihnachtsbaum.ch\/de\/wp-content\/uploads\/Coloradotanne-301x450.jpg 301w, https:\/\/www.wyss-weihnachtsbaum.ch\/de\/wp-content\/uploads\/Coloradotanne-768x1147.jpg 768w, https:\/\/www.wyss-weihnachtsbaum.ch\/de\/wp-content\/uploads\/Coloradotanne-703x1050.jpg 703w, https:\/\/www.wyss-weihnachtsbaum.ch\/de\/wp-content\/uploads\/Coloradotanne-100x150.jpg 100w, https:\/\/www.wyss-weihnachtsbaum.ch\/de\/wp-content\/uploads\/Coloradotanne.jpg 937w\" sizes=\"auto, (max-width: 301px) 100vw, 301px\" \/><\/a><figcaption><strong>Coloradotanne<br><\/strong>Lange Nadeln, Zitrus-Duft, sticht nicht<\/figcaption><\/figure>\n<\/div>\n<\/div>\n\n\n\n<p><\/p>\n","protected":false},"excerpt":{"rendered":"<p>Weihnachtsb\u00e4ume Neben den Klassikern Nordmannstanne und Rottanne bieten wir auch Blau-, Colorado-, Kork- und Weisstannen an. Ab September k\u00f6nnen Sie bei einem Spaziergang in unserer Plantage in H\u00e4rkingen Ihren Favoriten aussuchen. Gerne erteilen wir vor Ort Auskunft. Sie geh\u00f6ren zu den Kurzentschlossenen? Prima! Selbst kurz vor Weihnachten k\u00f6nnen wir Ihnen&#8230;<\/p>\n<p class=\"continue-reading-button\"> <a class=\"continue-reading-link\" href=\"https:\/\/www.wyss-weihnachtsbaum.ch\/de\/angebot\/weihnachtsbaeume\/\">Weiterlesen\u2026<i class=\"crycon-right-dir\"><\/i><\/a><\/p>\n","protected":false},"author":1,"featured_media":0,"parent":10,"menu_order":10,"comment_status":"closed","ping_status":"closed","template":"","meta":{"footnotes":""},"class_list":["post-82","page","type-page","status-publish","hentry"],"_links":{"self":[{"href":"https:\/\/www.wyss-weihnachtsbaum.ch\/de\/wp-json\/wp\/v2\/pages\/82","targetHints":{"allow":["GET"]}}],"collection":[{"href":"https:\/\/www.wyss-weihnachtsbaum.ch\/de\/wp-json\/wp\/v2\/pages"}],"about":[{"href":"https:\/\/www.wyss-weihnachtsbaum.ch\/de\/wp-json\/wp\/v2\/types\/page"}],"author":[{"embeddable":true,"href":"https:\/\/www.wyss-weihnachtsbaum.ch\/de\/wp-json\/wp\/v2\/users\/1"}],"replies":[{"embeddable":true,"href":"https:\/\/www.wyss-weihnachtsbaum.ch\/de\/wp-json\/wp\/v2\/comments?post=82"}],"version-history":[{"count":12,"href":"https:\/\/www.wyss-weihnachtsbaum.ch\/de\/wp-json\/wp\/v2\/pages\/82\/revisions"}],"predecessor-version":[{"id":262,"href":"https:\/\/www.wyss-weihnachtsbaum.ch\/de\/wp-json\/wp\/v2\/pages\/82\/revisions\/262"}],"up":[{"embeddable":true,"href":"https:\/\/www.wyss-weihnachtsbaum.ch\/de\/wp-json\/wp\/v2\/pages\/10"}],"wp:attachment":[{"href":"https:\/\/www.wyss-weihnachtsbaum.ch\/de\/wp-json\/wp\/v2\/media?parent=82"}],"curies":[{"name":"wp","href":"https:\/\/api.w.org\/{rel}","templated":true}]}}